{"id":107,"date":"2021-04-20T15:27:10","date_gmt":"2021-04-20T15:27:10","guid":{"rendered":"https:\/\/webmcp.com\/?page_id=107"},"modified":"2021-04-20T15:53:32","modified_gmt":"2021-04-20T15:53:32","slug":"relier-mcp-a-votre-site-internet","status":"publish","type":"page","link":"https:\/\/webmcp.com\/index.php\/documentation\/gerer-le-catalogue-des-produits\/relier-mcp-a-votre-site-internet\/","title":{"rendered":"Relier MCP \u00e0 votre site Internet"},"content":{"rendered":"\t\t<div data-elementor-type=\"wp-page\" data-elementor-id=\"107\" class=\"elementor elementor-107\" data-elementor-settings=\"[]\">\n\t\t\t\t\t\t<div class=\"elementor-inner\">\n\t\t\t\t\t\t\t<div class=\"elementor-section-wrap\">\n\t\t\t\t\t\t\t<section class=\"elementor-section elementor-top-section elementor-element elementor-element-298c6f8 elementor-section-boxed elementor-section-height-default elementor-section-height-default\" data-id=\"298c6f8\" data-element_type=\"section\">\n\t\t\t\t\t\t<div class=\"elementor-container elementor-column-gap-default\">\n\t\t\t\t\t\t\t<div class=\"elementor-row\">\n\t\t\t\t\t<div class=\"elementor-column elementor-col-100 elementor-top-column elementor-element elementor-element-3e547cb\" data-id=\"3e547cb\" data-element_type=\"column\">\n\t\t\t<div class=\"elementor-column-wrap elementor-element-populated\">\n\t\t\t\t\t\t\t<div class=\"elementor-widget-wrap\">\n\t\t\t\t\t\t<div class=\"elementor-element elementor-element-f43911c elementor-widget elementor-widget-text-editor\" data-id=\"f43911c\" data-element_type=\"widget\" data-widget_type=\"text-editor.default\">\n\t\t\t\t<div class=\"elementor-widget-container\">\n\t\t\t\t\t<div class=\"elementor-text-editor elementor-clearfix\"><div class=\"confluence-information-macro-body\"><h1 id=\"Gererlesproduits-Cr\u00e9erunproduit\">Relier le site \u00e0 MCP<\/h1><\/div><p>Nous allons vous montrer comment relier votre logiciel de caisse MCP \u00e0 votre site Internet web DITEL.<\/p><h2 id=\"Gererlesproduits-Essentiel\">R\u00e9glages sur MCP<\/h2><p>Rendez-vous dans Menu g\u00e9n\u00e9ral -&gt; Outils -&gt; Param\u00e8tres g\u00e9n\u00e9raux<\/p><p><img loading=\"lazy\" class=\"alignnone wp-image-116 size-full\" src=\"https:\/\/webmcp.com\/wp-content\/uploads\/2021\/04\/image-1.png\" alt=\"\" width=\"1515\" height=\"1102\" srcset=\"https:\/\/webmcp.com\/wp-content\/uploads\/2021\/04\/image-1.png 1515w, https:\/\/webmcp.com\/wp-content\/uploads\/2021\/04\/image-1-300x218.png 300w, https:\/\/webmcp.com\/wp-content\/uploads\/2021\/04\/image-1-1024x745.png 1024w, https:\/\/webmcp.com\/wp-content\/uploads\/2021\/04\/image-1-768x559.png 768w, https:\/\/webmcp.com\/wp-content\/uploads\/2021\/04\/image-1-1200x873.png 1200w\" sizes=\"(max-width: 1515px) 100vw, 1515px\" \/><\/p><p id=\"Gererlesproduits-Images\">Dans l&rsquo;onglet \u00ab\u00a0Informations\u00a0\u00bb, choisissez \u00ab\u00a0E-MCP\u00a0\u00bb.<br \/>Un onglet \u00ab\u00a0Site Internet\u00a0\u00bb va apparaitre. Veuillez renseigner l&rsquo;adresse du site temporaire (https:\/\/votresite.webmcp.com) et la clef fournis dans votre e-mail de bienvenue au service Ditel WEB MCP. Lors de la mise en ligne du site en production, il faudra naturellement changer l&rsquo;adresse temporaire par le nom de domaine final.<\/p><h3 id=\"Gererlesproduits-Images\"><img loading=\"lazy\" class=\"alignnone size-full wp-image-120\" src=\"https:\/\/webmcp.com\/wp-content\/uploads\/2021\/04\/image2.png\" alt=\"\" width=\"1515\" height=\"1102\" srcset=\"https:\/\/webmcp.com\/wp-content\/uploads\/2021\/04\/image2.png 1515w, https:\/\/webmcp.com\/wp-content\/uploads\/2021\/04\/image2-300x218.png 300w, https:\/\/webmcp.com\/wp-content\/uploads\/2021\/04\/image2-1024x745.png 1024w, https:\/\/webmcp.com\/wp-content\/uploads\/2021\/04\/image2-768x559.png 768w, https:\/\/webmcp.com\/wp-content\/uploads\/2021\/04\/image2-1200x873.png 1200w\" sizes=\"(max-width: 1515px) 100vw, 1515px\" \/><\/h3><p id=\"Gererlesproduits-Images\"><strong>Votre logiciel de caisse et le site sont d\u00e9sormais synchronis\u00e9s !<\/strong><\/p><div class=\"page view\"><div class=\"wiki-content\"><div class=\"confluence-information-macro confluence-information-macro-information\"><div class=\"confluence-information-macro-body\"><p>\u00a0<\/p><\/div><\/div><\/div><\/div><\/div>\n\t\t\t\t<\/div>\n\t\t\t\t<\/div>\n\t\t\t\t\t\t<\/div>\n\t\t\t\t\t<\/div>\n\t\t<\/div>\n\t\t\t\t\t\t\t\t<\/div>\n\t\t\t\t\t<\/div>\n\t\t<\/section>\n\t\t\t\t\t\t<\/div>\n\t\t\t\t\t\t<\/div>\n\t\t\t\t\t<\/div>\n\t\t","protected":false},"excerpt":{"rendered":"<p>Relier le site \u00e0 MCP Nous allons vous montrer comment relier votre logiciel de caisse MCP \u00e0 votre site Internet web DITEL. R\u00e9glages sur MCP Rendez-vous dans Menu g\u00e9n\u00e9ral -&gt; Outils -&gt; Param\u00e8tres g\u00e9n\u00e9raux Dans l&rsquo;onglet \u00ab\u00a0Informations\u00a0\u00bb, choisissez \u00ab\u00a0E-MCP\u00a0\u00bb. Un onglet \u00ab\u00a0Site Internet\u00a0\u00bb va apparaitre. Veuillez renseigner l&rsquo;adresse du site temporaire (https:\/\/votresite.webmcp.com) et la clef [&hellip;]<\/p>\n","protected":false},"author":1,"featured_media":0,"parent":15,"menu_order":0,"comment_status":"closed","ping_status":"closed","template":"","meta":[],"yoast_head":"<!-- This site is optimized with the Yoast SEO plugin v15.3 - https:\/\/yoast.com\/wordpress\/plugins\/seo\/ -->\n<title>Relier MCP \u00e0 votre site Internet - Web MCP<\/title>\n<meta name=\"robots\" content=\"index, follow, max-snippet:-1, max-image-preview:large, max-video-preview:-1\" \/>\n<link rel=\"canonical\" href=\"https:\/\/webmcp.com\/index.php\/documentation\/gerer-le-catalogue-des-produits\/relier-mcp-a-votre-site-internet\/\" \/>\n<meta property=\"og:locale\" content=\"fr_FR\" \/>\n<meta property=\"og:type\" content=\"article\" \/>\n<meta property=\"og:title\" content=\"Relier MCP \u00e0 votre site Internet - Web MCP\" \/>\n<meta property=\"og:description\" content=\"Relier le site \u00e0 MCP Nous allons vous montrer comment relier votre logiciel de caisse MCP \u00e0 votre site Internet web DITEL. R\u00e9glages sur MCP Rendez-vous dans Menu g\u00e9n\u00e9ral -&gt; Outils -&gt; Param\u00e8tres g\u00e9n\u00e9raux Dans l&rsquo;onglet \u00ab\u00a0Informations\u00a0\u00bb, choisissez \u00ab\u00a0E-MCP\u00a0\u00bb. Un onglet \u00ab\u00a0Site Internet\u00a0\u00bb va apparaitre. Veuillez renseigner l&rsquo;adresse du site temporaire (https:\/\/votresite.webmcp.com) et la clef [&hellip;]\" \/>\n<meta property=\"og:url\" content=\"https:\/\/webmcp.com\/index.php\/documentation\/gerer-le-catalogue-des-produits\/relier-mcp-a-votre-site-internet\/\" \/>\n<meta property=\"og:site_name\" content=\"Web MCP\" \/>\n<meta property=\"article:modified_time\" content=\"2021-04-20T15:53:32+00:00\" \/>\n<meta property=\"og:image\" content=\"https:\/\/webmcp.com\/wp-content\/uploads\/2021\/04\/image-1.png\" \/>\n<meta name=\"twitter:card\" content=\"summary_large_image\" \/>\n<meta name=\"twitter:label1\" content=\"\u00c9crit par\">\n\t<meta name=\"twitter:data1\" content=\"admin\">\n\t<meta name=\"twitter:label2\" content=\"Dur\u00e9e de lecture est.\">\n\t<meta name=\"twitter:data2\" content=\"0 minute\">\n<script type=\"application\/ld+json\" class=\"yoast-schema-graph\">{\"@context\":\"https:\/\/schema.org\",\"@graph\":[{\"@type\":\"WebSite\",\"@id\":\"https:\/\/webmcp.com\/#website\",\"url\":\"https:\/\/webmcp.com\/\",\"name\":\"Web MCP\",\"description\":\"Guide utilisateur\",\"potentialAction\":[{\"@type\":\"SearchAction\",\"target\":\"https:\/\/webmcp.com\/?s={search_term_string}\",\"query-input\":\"required name=search_term_string\"}],\"inLanguage\":\"fr-FR\"},{\"@type\":\"ImageObject\",\"@id\":\"https:\/\/webmcp.com\/index.php\/documentation\/gerer-le-catalogue-des-produits\/relier-mcp-a-votre-site-internet\/#primaryimage\",\"inLanguage\":\"fr-FR\",\"url\":\"https:\/\/webmcp.com\/wp-content\/uploads\/2021\/04\/image-1.png\",\"width\":1515,\"height\":1102},{\"@type\":\"WebPage\",\"@id\":\"https:\/\/webmcp.com\/index.php\/documentation\/gerer-le-catalogue-des-produits\/relier-mcp-a-votre-site-internet\/#webpage\",\"url\":\"https:\/\/webmcp.com\/index.php\/documentation\/gerer-le-catalogue-des-produits\/relier-mcp-a-votre-site-internet\/\",\"name\":\"Relier MCP \\u00e0 votre site Internet - Web MCP\",\"isPartOf\":{\"@id\":\"https:\/\/webmcp.com\/#website\"},\"primaryImageOfPage\":{\"@id\":\"https:\/\/webmcp.com\/index.php\/documentation\/gerer-le-catalogue-des-produits\/relier-mcp-a-votre-site-internet\/#primaryimage\"},\"datePublished\":\"2021-04-20T15:27:10+00:00\",\"dateModified\":\"2021-04-20T15:53:32+00:00\",\"inLanguage\":\"fr-FR\",\"potentialAction\":[{\"@type\":\"ReadAction\",\"target\":[\"https:\/\/webmcp.com\/index.php\/documentation\/gerer-le-catalogue-des-produits\/relier-mcp-a-votre-site-internet\/\"]}]}]}<\/script>\n<!-- \/ Yoast SEO plugin. -->","_links":{"self":[{"href":"https:\/\/webmcp.com\/index.php\/wp-json\/wp\/v2\/pages\/107"}],"collection":[{"href":"https:\/\/webmcp.com\/index.php\/wp-json\/wp\/v2\/pages"}],"about":[{"href":"https:\/\/webmcp.com\/index.php\/wp-json\/wp\/v2\/types\/page"}],"author":[{"embeddable":true,"href":"https:\/\/webmcp.com\/index.php\/wp-json\/wp\/v2\/users\/1"}],"replies":[{"embeddable":true,"href":"https:\/\/webmcp.com\/index.php\/wp-json\/wp\/v2\/comments?post=107"}],"version-history":[{"count":13,"href":"https:\/\/webmcp.com\/index.php\/wp-json\/wp\/v2\/pages\/107\/revisions"}],"predecessor-version":[{"id":124,"href":"https:\/\/webmcp.com\/index.php\/wp-json\/wp\/v2\/pages\/107\/revisions\/124"}],"up":[{"embeddable":true,"href":"https:\/\/webmcp.com\/index.php\/wp-json\/wp\/v2\/pages\/15"}],"wp:attachment":[{"href":"https:\/\/webmcp.com\/index.php\/wp-json\/wp\/v2\/media?parent=107"}],"curies":[{"name":"wp","href":"https:\/\/api.w.org\/{rel}","templated":true}]}}