{"id":18,"date":"2020-11-17T13:09:42","date_gmt":"2020-11-17T13:09:42","guid":{"rendered":"https:\/\/webmcp.com\/?page_id=18"},"modified":"2020-11-17T14:46:19","modified_gmt":"2020-11-17T14:46:19","slug":"gerer-les-produits","status":"publish","type":"page","link":"https:\/\/webmcp.com\/index.php\/documentation\/gerer-le-catalogue-des-produits\/gerer-les-produits\/","title":{"rendered":"G\u00e9rer les produits"},"content":{"rendered":"\t\t<div data-elementor-type=\"wp-page\" data-elementor-id=\"18\" class=\"elementor elementor-18\" data-elementor-settings=\"[]\">\n\t\t\t\t\t\t<div class=\"elementor-inner\">\n\t\t\t\t\t\t\t<div class=\"elementor-section-wrap\">\n\t\t\t\t\t\t\t<section class=\"elementor-section elementor-top-section elementor-element elementor-element-386149b elementor-section-boxed elementor-section-height-default elementor-section-height-default\" data-id=\"386149b\" data-element_type=\"section\">\n\t\t\t\t\t\t<div class=\"elementor-container elementor-column-gap-default\">\n\t\t\t\t\t\t\t<div class=\"elementor-row\">\n\t\t\t\t\t<div class=\"elementor-column elementor-col-100 elementor-top-column elementor-element elementor-element-25bd4c2\" data-id=\"25bd4c2\" data-element_type=\"column\">\n\t\t\t<div class=\"elementor-column-wrap elementor-element-populated\">\n\t\t\t\t\t\t\t<div class=\"elementor-widget-wrap\">\n\t\t\t\t\t\t<div class=\"elementor-element elementor-element-5463a29 elementor-widget elementor-widget-text-editor\" data-id=\"5463a29\" data-element_type=\"widget\" data-widget_type=\"text-editor.default\">\n\t\t\t\t<div class=\"elementor-widget-container\">\n\t\t\t\t\t<div class=\"elementor-text-editor elementor-clearfix\"><h1 id=\"Gererlesproduits-Pr\u00e9sentationdelapageproduit\">Pr\u00e9sentation de la page produit<\/h1><p>Pour cr\u00e9er un produit, cliquez sur \u00a0\u00ab\u00a0Nouveau produit\u00a0\u00bb dans la page \u00ab\u00a0Catalogue\u00a0\u00bb (ou appuyez sur CTRL + P). Vous arriverez sur ce qu&rsquo;on appelle la page produit, qui vous permet de cr\u00e9er des produits ou de modifier les produits existant.<\/p><h2 id=\"Gererlesproduits-Onglets\">Onglets<\/h2><p>Dans PrestaShop 1.7, la page produit contient plusieurs onglets :<\/p><ul><li><strong>Essentiel\u00a0<\/strong>: il permet de cr\u00e9er un produit rapidement et simplement. Toutefois, si vous devez ajouter d&rsquo;autres informations \u00e0 votre produit, vous pouvez le faire gr\u00e2ce aux autres onglets.<\/li><li><strong>Quantit\u00e9s<\/strong>,\u00a0<strong>D\u00e9clinaisons<\/strong>\u00a0ou<strong>\u00a0Produit virtuel\u00a0<\/strong>: il permet de d\u00e9finir les quantit\u00e9s de produit et les options li\u00e9es au stock. Lorsque votre produit contient des d\u00e9clinaisons, il est renomm\u00e9 \u00ab\u00a0D\u00e9clinaisons\u00a0\u00bb. Vous pouvez y g\u00e9rer les d\u00e9clinaisons \u00e0 partir de cet onglet. Si vous cr\u00e9ez un produit virtuel, c&rsquo;est l\u00e0 que vous chargerez l&rsquo;\u00e9ventuel fichier associ\u00e9.<\/li><li><strong>Livraison\u00a0<\/strong>: cet onglet contient les informations susceptibles d&rsquo;avoir une incidence sur la livraison du produit.<\/li><li><strong>Prix\u00a0<\/strong>: permet d&rsquo;affiner vos prix \u00e0 l&rsquo;aide de tarifs sp\u00e9ciaux ou de prix \u00e0 l&rsquo;unit\u00e9. D&rsquo;autres options de tarification existent.<\/li><li><strong>R\u00e9f\u00e9rencement &#8211; SEO\u00a0<\/strong>: permet de g\u00e9rer la m\u00e9ta description ou l&rsquo;URL du produit pour vous assurer qu&rsquo;il est correctement optimis\u00e9 pour les moteurs de recherche.<\/li><li><strong>Options\u00a0<\/strong>: \u00a0contient des fonctionnalit\u00e9s suppl\u00e9mentaires qui permettent de g\u00e9rer la visibilit\u00e9 de vos produits, leurs r\u00e9f\u00e9rences, de joindre des fichiers ou de lier \u00e0 des fournisseurs.\u00a0Cet onglet permet \u00e9galement de configurer la personnalisation.<\/li><\/ul><p><span class=\"confluence-embedded-file-wrapper image-center-wrapper confluence-embedded-manual-size\"><img class=\"confluence-embedded-image image-center\" src=\"http:\/\/doc.prestashop.com\/download\/attachments\/51839058\/produit001-onglets.png?version=1&amp;modificationDate=1482856252000&amp;api=v2\" width=\"800\" data-image-src=\"\/download\/attachments\/51839058\/produit001-onglets.png?version=1&amp;modificationDate=1482856252000&amp;api=v2\" data-unresolved-comment-count=\"0\" data-linked-resource-id=\"52298179\" data-linked-resource-version=\"1\" data-linked-resource-type=\"attachment\" data-linked-resource-default-alias=\"produit001-onglets.png\" data-base-url=\"http:\/\/doc.prestashop.com\" data-linked-resource-content-type=\"image\/png\" data-linked-resource-container-id=\"51839058\" data-linked-resource-container-version=\"84\" \/><\/span><\/p><h2 id=\"Gererlesproduits-Nomdeproduit\">Nom de produit<\/h2><p>Le premier champ \u00e0 remplir est le nom de produit. Il s&rsquo;affiche dans les r\u00e9sultats du moteur de recherche et dans l&rsquo;URL de votre fiche produit par d\u00e9faut. A c\u00f4t\u00e9 du nom du produit, un s\u00e9lecteur de langue vous permet de choisir dans quelle langue vous souhaitez cr\u00e9er ou \u00e9diter l&rsquo;ensemble de la fiche produit.<\/p><p><span class=\"confluence-embedded-file-wrapper image-center-wrapper confluence-embedded-manual-size\"><img loading=\"lazy\" class=\"confluence-embedded-image confluence-content-image-border image-center\" src=\"http:\/\/doc.prestashop.com\/download\/attachments\/51839058\/produit002-nom.png?version=1&amp;modificationDate=1482856252000&amp;api=v2\" width=\"800\" height=\"64\" data-image-src=\"\/download\/attachments\/51839058\/produit002-nom.png?version=1&amp;modificationDate=1482856252000&amp;api=v2\" data-unresolved-comment-count=\"0\" data-linked-resource-id=\"52298180\" data-linked-resource-version=\"1\" data-linked-resource-type=\"attachment\" data-linked-resource-default-alias=\"produit002-nom.png\" data-base-url=\"http:\/\/doc.prestashop.com\" data-linked-resource-content-type=\"image\/png\" data-linked-resource-container-id=\"51839058\" data-linked-resource-container-version=\"84\" \/><\/span><\/p><div class=\"confluence-information-macro confluence-information-macro-information\"><div class=\"confluence-information-macro-body\"><p>Vous devez nommer le produit dans la langue par d\u00e9faut afin de pouvoir l&rsquo;enregistrer. Vous ne pourrez pas l&rsquo;enregistrer tant qu&rsquo;il n&rsquo;est pas nomm\u00e9.<\/p><p>Assurez-vous de traduire les champs dans toutes les langues de votre boutique. Pour cela, cliquez sur le s\u00e9lecteur de langue en regard du champ du type de produit et choisissez la langue dans laquelle vous souhaitez modifier le produit.<\/p><\/div><\/div><h2 id=\"Gererlesproduits-Typedeproduit\">Type de produit<\/h2><p><span class=\"confluence-embedded-file-wrapper image-center-wrapper confluence-embedded-manual-size\">Ce deuxi\u00e8me \u00e9l\u00e9ment est essentiel : indiquez si le produit est un pack (une combinaison d&rsquo;au moins deux produits existants), un produit virtuel (fichier t\u00e9l\u00e9chargeable, service, etc.) ou simplement un produit classique, envoy\u00e9 par courrier. Pour l&rsquo;instant, nous nous contenterons d&rsquo;explorer les produits standards, sans d\u00e9clinaisons. Nous aborderons les produits avec d\u00e9clinaisons, les packs et les produits virtuels ult\u00e9rieurement.<\/span>\u00a0<\/p><div class=\"confluence-information-macro confluence-information-macro-information\"><div class=\"confluence-information-macro-body\"><h2 id=\"Gererlesproduits-Langue\">Langue<\/h2><p>Vous avez peut-\u00eatre activ\u00e9 plusieurs langues pour votre boutique PrestaShop. Si vous souhaitez vendre aupr\u00e8s de clients \u00e0 l&rsquo;\u00e9tranger, vous devez traduire l&rsquo;ensemble de votre contenu (description de produit, l\u00e9gendes, etc.) dans ces langues.<\/p><p>Pour traduire le contenu de votre produit dans une autre langue, s\u00e9lectionnez la langue dans laquelle vous souhaitez traduire \u00e0 c\u00f4t\u00e9 du s\u00e9lecteur de type de produits. La page produit sera mise \u00e0 jour dans la langue s\u00e9lectionn\u00e9e. Vous pouvez passer d&rsquo;une langue \u00e0 l&rsquo;autre sans enregistrer votre travail entre temps. Veillez simplement \u00e0 modifier le contenu dans la bonne langue.<\/p><p>Par d\u00e9faut, la page produit\u00a0s&rsquo;affiche dans la langue par d\u00e9faut de votre boutique.<\/p><div class=\"confluence-information-macro confluence-information-macro-tip\"><div class=\"confluence-information-macro confluence-information-macro-tip\"><div class=\"confluence-information-macro-body\">Pour ajouter des langues \u00e0 votre boutique, rendez-vous dans la section International. Vous pouvez soit ajouter une langue dans \u00ab\u00a0Traductions\u00a0\u00bb, soit ajouter un pack de localisation dans \u00ab\u00a0Localisation\u00a0\u00bb. Pour plus d&rsquo;informations, consultez la\u00a0<a href=\"http:\/\/doc.prestashop.com\/display\/PS17\/Going+International\" rel=\"nofollow\">documentation de la section internationale<\/a>.\u00a0<\/div><\/div><\/div><\/div><\/div><h2 id=\"Gererlesproduits-Boutonsglobaux\">Boutons globaux<\/h2><p>\u00a0<span class=\"confluence-embedded-file-wrapper image-left-wrapper confluence-embedded-manual-size\"><img class=\"confluence-embedded-image confluence-thumbnail confluence-content-image-border image-left\" src=\"http:\/\/doc.prestashop.com\/download\/thumbnails\/51839058\/produit003-boutons.png?version=1&amp;modificationDate=1482856252000&amp;api=v2\" width=\"300\" data-image-src=\"\/download\/attachments\/51839058\/produit003-boutons.png?version=1&amp;modificationDate=1482856252000&amp;api=v2\" data-unresolved-comment-count=\"0\" data-linked-resource-id=\"52298181\" data-linked-resource-version=\"1\" data-linked-resource-type=\"attachment\" data-linked-resource-default-alias=\"produit003-boutons.png\" data-base-url=\"http:\/\/doc.prestashop.com\" data-linked-resource-content-type=\"image\/png\" data-linked-resource-container-id=\"51839058\" data-linked-resource-container-version=\"84\" \/><\/span><\/p><ul><li><ul><li><ul><li><strong>Ventes<\/strong>.\u00a0Vous renvoie vers la page \u00ab\u00a0D\u00e9tail produit\u00a0\u00bb du tableau de statistiques (menu \u00ab\u00a0Statistiques\u00a0\u00bb) qui pr\u00e9sente le nombre de visites de la page produit, et de ventes.<\/li><\/ul><\/li><\/ul><\/li><li><p><strong>Liste de produits<\/strong>.\u00a0<em>Nouveau dans PrestaShop 1.7<\/em>. Affiche la liste de tous vos produits pour permettre la navigation rapide d&rsquo;un produit \u00e0 un autre.<\/p><\/li><li><strong>Aide.<\/strong>\u00a0Ouvre l&rsquo;aide contextuelle dans une colonne, avec la page du Guide de l&rsquo;utilisateur correspondant \u00e0 la page\u00a0produit.\u00a0<\/li><\/ul><p>Plusieurs actions sont possibles en bas de page :<\/p><ul><li><strong>Supprimer\u00a0<\/strong>(ic\u00f4ne de poubelle). Supprime<strong>\u00a0<\/strong>le produit et toutes ses donn\u00e9es, y compris ses images, d\u00e9clinaisons, fonctionnalit\u00e9s, etc.<\/li><li><strong>Visualiser.\u00a0<\/strong>Affiche la fiche de ce produit telle qu&rsquo;elle appara\u00eet(ra) dans votre boutique.\u00a0C&rsquo;est non seulement pratique, mais cela fonctionne aussi avec les produits d\u00e9sactiv\u00e9s.<\/li><li><strong>Mettre en ligne\/hors ligne.\u00a0<\/strong>Active ou d\u00e9sactive\u00a0votre produit. Par d\u00e9faut, il est d\u00e9sactiv\u00e9 afin que vos clients ne le voient pas dans votre boutique tant qu&rsquo;il n&rsquo;est pas fini.<\/li><li><strong>Enregistrer.<\/strong><strong>\u00a0<\/strong>Ce bouton enregistre toutes les modifications que vous avez apport\u00e9es \u00e0 n&rsquo;importe quel des onglets du produit, mais vous laisse sur la page du produit en cours de cr\u00e9ation. C&rsquo;est particuli\u00e8rement utile si vous souhaitez changer d&rsquo;onglet sans perdre les modifications apport\u00e9es \u00e0 l&rsquo;onglet en cours, ou si vous voulez appliquer vos modifications imm\u00e9diatement.<\/li><li><strong>Dupliquer<\/strong>.\u00a0Cr\u00e9e une copie exacte du produit en cours. C&rsquo;est particuli\u00e8rement utile si vous souhaitez utiliser le produit en cours comme base pour un nouveau produit, sans devoir tout recr\u00e9er \u00e0 la main. Par exemple, deux produits peuvent \u00eatre tr\u00e8s diff\u00e9rents, mais avoir les m\u00eames associations de produits, les m\u00eames transporteurs, ou le m\u00eame fournisseur.<\/li><\/ul><div class=\"confluence-information-macro confluence-information-macro-note\"><p class=\"title\">Ne dupliquez pas trop !<\/p><div class=\"confluence-information-macro-body\"><p>Si vous souhaitez cr\u00e9er diff\u00e9rentes versions d&rsquo;un m\u00eame produit, du fait de leurs diff\u00e9rences en termes de couleur, de capacit\u00e9, de taille, etc., alors vous devez mettre en place des d\u00e9clinaisons de produit plut\u00f4t que de dupliquer le produit X fois. Voir l&rsquo;onglet \u00ab\u00a0D\u00e9clinaisons\u00a0\u00bb, qui est expliqu\u00e9 dans la section \u00ab\u00a0Ajouter des d\u00e9clinaisons de produit\u00a0\u00bb de ce chapitre.<\/p><\/div><\/div><div><ul><li><strong>Acc\u00e9der au catalogue.\u00a0<\/strong>Ce bouton enregistre toutes les modifications apport\u00e9es \u00e0 n&rsquo;importe lequel des onglets du produit, puis vous ram\u00e8ne \u00e0 la liste des produits.<\/li><li><strong>Ajouter un nouveau produit.\u00a0<\/strong>Enregistre les modifications apport\u00e9es \u00a0\u00e0 toutes les donn\u00e9es du produit actuel et ouvre une page pour cr\u00e9er un nouveau produit.<\/li><li><p><span class=\"confluence-embedded-file-wrapper image-center-wrapper confluence-embedded-manual-size\"><img class=\"confluence-embedded-image image-center\" src=\"http:\/\/doc.prestashop.com\/download\/attachments\/51839058\/Capture%20d%E2%80%99e%CC%81cran%202019-07-24%20a%CC%80%2018.09.01.png?version=1&amp;modificationDate=1563984557000&amp;api=v2\" width=\"1000\" data-image-src=\"\/download\/attachments\/51839058\/Capture%20d%E2%80%99e%CC%81cran%202019-07-24%20a%CC%80%2018.09.01.png?version=1&amp;modificationDate=1563984557000&amp;api=v2\" data-unresolved-comment-count=\"0\" data-linked-resource-id=\"64225373\" data-linked-resource-version=\"1\" data-linked-resource-type=\"attachment\" data-linked-resource-default-alias=\"Capture d\u2019e\u0301cran 2019-07-24 a\u0300 18.09.01.png\" data-base-url=\"http:\/\/doc.prestashop.com\" data-linked-resource-content-type=\"image\/png\" data-linked-resource-container-id=\"51839058\" data-linked-resource-container-version=\"84\" \/><\/span><\/p><\/li><\/ul><\/div><div class=\"confluence-information-macro-body\"><div class=\"confluence-information-macro confluence-information-macro-tip\"><p class=\"title\">Raccourcis clavier<\/p><div class=\"confluence-information-macro-body\"><p>Certains raccourcis clavier ont \u00e9t\u00e9 ajout\u00e9s dans PrestaShop 1.7. Ils vous permettent de gagner du temps lorsque vous cr\u00e9ez plusieurs produits d&rsquo;affil\u00e9e. Le comportement est le m\u00eame que celui d\u00e9crit ci-dessus et il s&rsquo;applique aux options suivantes :<\/p><ul><li>Dupliquer : ALT+SHIFT+D<\/li><li>Activer\/D\u00e9sactiver sur votre boutique : ALT+SHIFT+O<\/li><li>Ajouter un nouveau produit : ALT+SHIFT+P<\/li><li>Retourner au catalogue : ALT+SHIFT+Q<\/li><li>Enregistrer : ALT+SHIFT+S<\/li><li>Visualiser : ALT+SHIFT+V<\/li><\/ul><\/div><\/div><\/div><p>\u00a0<\/p><\/div>\n\t\t\t\t<\/div>\n\t\t\t\t<\/div>\n\t\t\t\t\t\t<\/div>\n\t\t\t\t\t<\/div>\n\t\t<\/div>\n\t\t\t\t\t\t\t\t<\/div>\n\t\t\t\t\t<\/div>\n\t\t<\/section>\n\t\t\t\t\t\t<\/div>\n\t\t\t\t\t\t<\/div>\n\t\t\t\t\t<\/div>\n\t\t","protected":false},"excerpt":{"rendered":"<p>Pr\u00e9sentation de la page produit Pour cr\u00e9er un produit, cliquez sur \u00a0\u00ab\u00a0Nouveau produit\u00a0\u00bb dans la page \u00ab\u00a0Catalogue\u00a0\u00bb (ou appuyez sur CTRL + P). Vous arriverez sur ce qu&rsquo;on appelle la page produit, qui vous permet de cr\u00e9er des produits ou de modifier les produits existant. Onglets Dans PrestaShop 1.7, la page produit contient plusieurs onglets [&hellip;]<\/p>\n","protected":false},"author":1,"featured_media":0,"parent":15,"menu_order":0,"comment_status":"closed","ping_status":"closed","template":"","meta":[],"yoast_head":"<!-- This site is optimized with the Yoast SEO plugin v15.3 - https:\/\/yoast.com\/wordpress\/plugins\/seo\/ -->\n<title>G\u00e9rer les produits - Web MCP<\/title>\n<meta name=\"robots\" content=\"index, follow, max-snippet:-1, max-image-preview:large, max-video-preview:-1\" \/>\n<link rel=\"canonical\" href=\"https:\/\/webmcp.com\/index.php\/documentation\/gerer-le-catalogue-des-produits\/gerer-les-produits\/\" \/>\n<meta property=\"og:locale\" content=\"fr_FR\" \/>\n<meta property=\"og:type\" content=\"article\" \/>\n<meta property=\"og:title\" content=\"G\u00e9rer les produits - Web MCP\" \/>\n<meta property=\"og:description\" content=\"Pr\u00e9sentation de la page produit Pour cr\u00e9er un produit, cliquez sur \u00a0\u00ab\u00a0Nouveau produit\u00a0\u00bb dans la page \u00ab\u00a0Catalogue\u00a0\u00bb (ou appuyez sur CTRL + P). Vous arriverez sur ce qu&rsquo;on appelle la page produit, qui vous permet de cr\u00e9er des produits ou de modifier les produits existant. Onglets Dans PrestaShop 1.7, la page produit contient plusieurs onglets [&hellip;]\" \/>\n<meta property=\"og:url\" content=\"https:\/\/webmcp.com\/index.php\/documentation\/gerer-le-catalogue-des-produits\/gerer-les-produits\/\" \/>\n<meta property=\"og:site_name\" content=\"Web MCP\" \/>\n<meta property=\"article:modified_time\" content=\"2020-11-17T14:46:19+00:00\" \/>\n<meta property=\"og:image\" content=\"http:\/\/doc.prestashop.com\/download\/attachments\/51839058\/produit001-onglets.png?version=1&#038;modificationDate=1482856252000&#038;api=v2\" \/>\n<meta name=\"twitter:card\" content=\"summary_large_image\" \/>\n<meta name=\"twitter:label1\" content=\"\u00c9crit par\">\n\t<meta name=\"twitter:data1\" content=\"admin\">\n\t<meta name=\"twitter:label2\" content=\"Dur\u00e9e de lecture est.\">\n\t<meta name=\"twitter:data2\" content=\"4 minutes\">\n<script type=\"application\/ld+json\" class=\"yoast-schema-graph\">{\"@context\":\"https:\/\/schema.org\",\"@graph\":[{\"@type\":\"WebSite\",\"@id\":\"https:\/\/webmcp.com\/#website\",\"url\":\"https:\/\/webmcp.com\/\",\"name\":\"Web MCP\",\"description\":\"Guide utilisateur\",\"potentialAction\":[{\"@type\":\"SearchAction\",\"target\":\"https:\/\/webmcp.com\/?s={search_term_string}\",\"query-input\":\"required name=search_term_string\"}],\"inLanguage\":\"fr-FR\"},{\"@type\":\"ImageObject\",\"@id\":\"https:\/\/webmcp.com\/index.php\/documentation\/gerer-le-catalogue-des-produits\/gerer-les-produits\/#primaryimage\",\"inLanguage\":\"fr-FR\",\"url\":\"http:\/\/doc.prestashop.com\/download\/attachments\/51839058\/produit001-onglets.png?version=1&amp;modificationDate=1482856252000&amp;api=v2\"},{\"@type\":\"WebPage\",\"@id\":\"https:\/\/webmcp.com\/index.php\/documentation\/gerer-le-catalogue-des-produits\/gerer-les-produits\/#webpage\",\"url\":\"https:\/\/webmcp.com\/index.php\/documentation\/gerer-le-catalogue-des-produits\/gerer-les-produits\/\",\"name\":\"G\\u00e9rer les produits - Web MCP\",\"isPartOf\":{\"@id\":\"https:\/\/webmcp.com\/#website\"},\"primaryImageOfPage\":{\"@id\":\"https:\/\/webmcp.com\/index.php\/documentation\/gerer-le-catalogue-des-produits\/gerer-les-produits\/#primaryimage\"},\"datePublished\":\"2020-11-17T13:09:42+00:00\",\"dateModified\":\"2020-11-17T14:46:19+00:00\",\"inLanguage\":\"fr-FR\",\"potentialAction\":[{\"@type\":\"ReadAction\",\"target\":[\"https:\/\/webmcp.com\/index.php\/documentation\/gerer-le-catalogue-des-produits\/gerer-les-produits\/\"]}]}]}<\/script>\n<!-- \/ Yoast SEO plugin. -->","_links":{"self":[{"href":"https:\/\/webmcp.com\/index.php\/wp-json\/wp\/v2\/pages\/18"}],"collection":[{"href":"https:\/\/webmcp.com\/index.php\/wp-json\/wp\/v2\/pages"}],"about":[{"href":"https:\/\/webmcp.com\/index.php\/wp-json\/wp\/v2\/types\/page"}],"author":[{"embeddable":true,"href":"https:\/\/webmcp.com\/index.php\/wp-json\/wp\/v2\/users\/1"}],"replies":[{"embeddable":true,"href":"https:\/\/webmcp.com\/index.php\/wp-json\/wp\/v2\/comments?post=18"}],"version-history":[{"count":7,"href":"https:\/\/webmcp.com\/index.php\/wp-json\/wp\/v2\/pages\/18\/revisions"}],"predecessor-version":[{"id":42,"href":"https:\/\/webmcp.com\/index.php\/wp-json\/wp\/v2\/pages\/18\/revisions\/42"}],"up":[{"embeddable":true,"href":"https:\/\/webmcp.com\/index.php\/wp-json\/wp\/v2\/pages\/15"}],"wp:attachment":[{"href":"https:\/\/webmcp.com\/index.php\/wp-json\/wp\/v2\/media?parent=18"}],"curies":[{"name":"wp","href":"https:\/\/api.w.org\/{rel}","templated":true}]}}