{"id":27,"date":"2020-11-17T13:23:56","date_gmt":"2020-11-17T13:23:56","guid":{"rendered":"https:\/\/webmcp.com\/?page_id=27"},"modified":"2020-11-17T15:06:20","modified_gmt":"2020-11-17T15:06:20","slug":"gerer-les-categories","status":"publish","type":"page","link":"https:\/\/webmcp.com\/index.php\/documentation\/gerer-le-catalogue-des-produits\/gerer-les-categories\/","title":{"rendered":"G\u00e9rer les cat\u00e9gories"},"content":{"rendered":"\t\t<div data-elementor-type=\"wp-page\" data-elementor-id=\"27\" class=\"elementor elementor-27\" data-elementor-settings=\"[]\">\n\t\t\t\t\t\t<div class=\"elementor-inner\">\n\t\t\t\t\t\t\t<div class=\"elementor-section-wrap\">\n\t\t\t\t\t\t\t<section class=\"elementor-section elementor-top-section elementor-element elementor-element-d3351d7 elementor-section-boxed elementor-section-height-default elementor-section-height-default\" data-id=\"d3351d7\" data-element_type=\"section\">\n\t\t\t\t\t\t<div class=\"elementor-container elementor-column-gap-default\">\n\t\t\t\t\t\t\t<div class=\"elementor-row\">\n\t\t\t\t\t<div class=\"elementor-column elementor-col-100 elementor-top-column elementor-element elementor-element-3f20514\" data-id=\"3f20514\" data-element_type=\"column\">\n\t\t\t<div class=\"elementor-column-wrap elementor-element-populated\">\n\t\t\t\t\t\t\t<div class=\"elementor-widget-wrap\">\n\t\t\t\t\t\t<div class=\"elementor-element elementor-element-5929036 elementor-widget elementor-widget-text-editor\" data-id=\"5929036\" data-element_type=\"widget\" data-widget_type=\"text-editor.default\">\n\t\t\t\t<div class=\"elementor-widget-container\">\n\t\t\t\t\t<div class=\"elementor-text-editor elementor-clearfix\"><h2 id=\"Gererlescategories-G\u00e9rerlescat\u00e9gories\">G\u00e9rer les cat\u00e9gories<\/h2><p>Il est essentiel de disposer de cat\u00e9gories car elles permettent de regrouper les produits \u00e9quivalents. Ainsi vos clients peuvent facilement s&rsquo;y retrouver et limiter leur recherche quand ils cherchent un type particulier de produit. On vous conseille de cr\u00e9er une cat\u00e9gorie \u00e0 partir du moment o\u00f9 vous avez au moins deux produits qui disposent de caract\u00e9ristiques \u00e9quivalentes. Les produits d&rsquo;une m\u00eame cat\u00e9gorie doivent \u00eatre comparables, voire interchangeables. Gardez cela en t\u00eate quand vient le moment d&rsquo;ajouter de nouveaux produits ou de cr\u00e9er de nouvelles cat\u00e9gories.<\/p><p>\u00a0<\/p><div class=\"confluence-information-macro confluence-information-macro-tip\"><div class=\"confluence-information-macro-body\"><p>Les cat\u00e9gories d\u00e9terminent la fa\u00e7on dont les visiteurs navigueront sur votre site et rechercheront des produit. Vous devez \u00e9laborer votre arborescence de cat\u00e9gories avant m\u00eame de commencer \u00e0 r\u00e9diger vos fiches produits.<\/p><\/div><\/div><p>\u00a0<\/p><p>Les cat\u00e9gories sont g\u00e9r\u00e9es dans la page \u00ab\u00a0Cat\u00e9gories\u00a0\u00bb du menu \u00ab\u00a0Catalogue\u00a0\u00bb. Cette page pr\u00e9sente un tableau des cat\u00e9gories existant actuellement, avec leurs principales informations. Pour voir la sous-cat\u00e9gorie, cliquez sur la cat\u00e9gorie-m\u00e8re, ou s\u00e9lectionnez \u00ab\u00a0D\u00e9tails\u00a0\u00bb dans le menu des actions.<\/p><p><span class=\"confluence-embedded-file-wrapper image-center-wrapper confluence-embedded-manual-size\"><img class=\"confluence-embedded-image image-center\" src=\"http:\/\/doc.prestashop.com\/download\/attachments\/51840157\/Capture%20d%E2%80%99e%CC%81cran%202019-07-24%20a%CC%80%2016.32.34.png?version=1&amp;modificationDate=1563978764000&amp;api=v2\" width=\"850\" data-image-src=\"\/download\/attachments\/51840157\/Capture%20d%E2%80%99e%CC%81cran%202019-07-24%20a%CC%80%2016.32.34.png?version=1&amp;modificationDate=1563978764000&amp;api=v2\" data-unresolved-comment-count=\"0\" data-linked-resource-id=\"64225367\" data-linked-resource-version=\"1\" data-linked-resource-type=\"attachment\" data-linked-resource-default-alias=\"Capture d\u2019e\u0301cran 2019-07-24 a\u0300 16.32.34.png\" data-base-url=\"http:\/\/doc.prestashop.com\" data-linked-resource-content-type=\"image\/png\" data-linked-resource-container-id=\"51840157\" data-linked-resource-container-version=\"12\" \/><\/span><\/p><p>\u00a0<\/p><p>\u00c0 l&rsquo;aide des ic\u00f4nes de la colonne \u00ab\u00a0Affich\u00e9e\u00a0\u00bb du tableau, vous pouvez indiquer celles que vous voulez cacher des clients en cliquant sur la marque verte, qui se transforme alors en croix rouge.<\/p><p>Toutes les cat\u00e9gories que vous cr\u00e9erez seront en fait des sous-cat\u00e9gories de la cat\u00e9gorie \u00ab\u00a0Accueil\u00a0\u00bb. Pour modifier la cat\u00e9gorie \u00ab\u00a0Accueil\u00a0\u00bb (ou n&rsquo;importe quelle cat\u00e9gorie actuellement s\u00e9lectionn\u00e9e), cliquez sur \u00ab\u00a0Modifier\u00a0\u00bb quand le tableau affiche les cat\u00e9gories racines. Si vous souhaitez cr\u00e9er une nouvelle cat\u00e9gorie, cliquez sur le bouton \u00ab\u00a0Ajouter une cat\u00e9gorie\u00a0\u00bb depuis n&rsquo;importe quel niveau de cat\u00e9gories.<\/p><p>\u00a0<\/p><p><span class=\"confluence-embedded-file-wrapper image-center-wrapper confluence-embedded-manual-size\"><img class=\"confluence-embedded-image image-center\" src=\"http:\/\/doc.prestashop.com\/download\/attachments\/51840157\/Capture%20d%E2%80%99e%CC%81cran%202019-07-24%20a%CC%80%2017.23.56.png?version=1&amp;modificationDate=1563981849000&amp;api=v2&amp;effects=drop-shadow\" width=\"850\" data-image-src=\"\/download\/attachments\/51840157\/Capture%20d%E2%80%99e%CC%81cran%202019-07-24%20a%CC%80%2017.23.56.png?version=1&amp;modificationDate=1563981849000&amp;api=v2\" data-unresolved-comment-count=\"0\" data-linked-resource-id=\"64225370\" data-linked-resource-version=\"1\" data-linked-resource-type=\"attachment\" data-linked-resource-default-alias=\"Capture d\u2019e\u0301cran 2019-07-24 a\u0300 17.23.56.png\" data-base-url=\"http:\/\/doc.prestashop.com\" data-linked-resource-content-type=\"image\/png\" data-linked-resource-container-id=\"51840157\" data-linked-resource-container-version=\"12\" \/><\/span><\/p><p>\u00a0<\/p><div class=\"confluence-information-macro confluence-information-macro-tip\"><p class=\"title\">Traduisez vos cat\u00e9gories !<\/p><div class=\"confluence-information-macro-body\"><p>Assurez-vous de traduire chaque champ dans toutes les langues utilis\u00e9es par votre boutique. Pour ce faire, cliquez sur le s\u00e9lecteur \u00e0 c\u00f4t\u00e9 du champ et choisissez le code langue correspondant \u00e0 la celle du texte que vous voulez saisir.<\/p><\/div><\/div><p>\u00a0<\/p><p>Tout d&rsquo;abord, vous devez mettre en place les informations g\u00e9n\u00e9rales :<\/p><ul><li><strong>Nom<\/strong>. Nommez la cat\u00e9gorie. Utilisez un nom court et descriptif, et choisissez bien vos mots : vos clients se baseront dessus lors du parcours de votre boutique.<\/li><li><strong>Affich\u00e9e<\/strong>. Indiquez si elle doit \u00eatre affich\u00e9e (c&rsquo;est-\u00e0-dire si vous souhaitez la rendre aussit\u00f4t disponible pour vos visiteurs). Par exemple, vous pourriez vouloir remettre \u00e0 plus tard l&rsquo;ouverture d&rsquo;une cat\u00e9gorie, tant que tous ses produits n&rsquo;y ont pas \u00e9t\u00e9 plac\u00e9s.<\/li><li><strong>Cat\u00e9gorie parente<\/strong>.\u00a0<em>N&rsquo;appara\u00eet pas lors de la cr\u00e9ation d&rsquo;une cat\u00e9gorie racine.<\/em>\u00a0Si vous souhaitez cr\u00e9er une sous-cat\u00e9gorie appartenant \u00e0 une cat\u00e9gorie autre que la page d&rsquo;accueil, vous pouvez la choisir dans ce s\u00e9lecteur.<\/li><li><strong>Description<\/strong>. Il est conseill\u00e9 de remplir ce champ car non seulement il se r\u00e9v\u00e9lera utile pour vous et vos employ\u00e9s mais certains th\u00e8mes peuvent \u00e9galement s&rsquo;en servir, par exemple en l&rsquo;affichant pour vos clients.<\/li><li><strong>Image de la cat\u00e9gorie<\/strong>. Cliquez sur le bouton \u00ab\u00a0Ajouter un fichier\u00a0\u00bb pour mettre en ligne une image repr\u00e9sentative de la cat\u00e9gorie, \u00e0 partir de votre ordinateur. Elle s&rsquo;affiche sur la page de la cat\u00e9gorie.<\/li><li><strong>Miniature de la cat\u00e9gorie.<\/strong>\u00a0Affiche sur la page de la cat\u00e9gorie parente une petite image repr\u00e9sentant cette cat\u00e9gorie-ci, si votre th\u00e8me le permet.<\/li><li><strong>Miniatures du menu.<\/strong>\u00a0Cette image appara\u00eetra en miniature dans le menu, pour repr\u00e9senter cette cat\u00e9gorie, si votre th\u00e8me le permet.<\/li><li><strong>Pr\u00e9visualisation SEO.\u00a0<\/strong><em>Nouveaut\u00e9 depuis la 1.7.6 !<\/em>\u00a0Affiche en direct le r\u00e9sultat de vos param\u00e9trages SEO, comme un moteur de recherche le ferait dans les listes des moteurs de recherche.<\/li><\/ul><p><span class=\"confluence-embedded-file-wrapper image-center-wrapper confluence-embedded-manual-size\"><img class=\"confluence-embedded-image image-center\" src=\"http:\/\/doc.prestashop.com\/download\/attachments\/51840157\/176_seo_preview.gif?version=1&amp;modificationDate=1564668675000&amp;api=v2\" width=\"850\" data-image-src=\"\/download\/attachments\/51840157\/176_seo_preview.gif?version=1&amp;modificationDate=1564668675000&amp;api=v2\" data-unresolved-comment-count=\"0\" data-linked-resource-id=\"64225477\" data-linked-resource-version=\"1\" data-linked-resource-type=\"attachment\" data-linked-resource-default-alias=\"176_seo_preview.gif\" data-base-url=\"http:\/\/doc.prestashop.com\" data-linked-resource-content-type=\"image\/gif\" data-linked-resource-container-id=\"51840157\" data-linked-resource-container-version=\"12\" \/><\/span><\/p><ul><li><strong>Balise de titre<\/strong>. Le titre qui appara\u00eetra dans les moteurs de recherche quand une recherche est faite par le client.<\/li><li><strong>Meta description<\/strong>. Une pr\u00e9sentation du site en quelques lignes, dans le but d&rsquo;attirer l&rsquo;attention du client. Elle appara\u00eetra dans les r\u00e9sultats des moteurs de recherche.<\/li><li><strong>Meta mots-cl\u00e9s<\/strong>. Les mots cl\u00e9s que vous devez d\u00e9finir afin que votre site soit r\u00e9f\u00e9renc\u00e9 par les moteurs de recherche. Vous pouvez en d\u00e9finir plusieurs, s\u00e9par\u00e9s par des virgules. Vous pouvez \u00e9galement d\u00e9finir des expressions, en prenant soin de les mettre entre guillemets.<\/li><li><strong>URL simplifi\u00e9e<\/strong>. Cela vous permet de r\u00e9\u00e9crire l&rsquo;adresse web de vos cat\u00e9gories comme vous le souhaitez. Par exemple, au lieu d&rsquo;avoir une adresse comme\u00a0<a class=\"external-link\" href=\"http:\/\/www.exemple.com\/category.php?id_category=3\" rel=\"nofollow\">http:\/\/www.exemple.com\/category.php?id_category=3<\/a>, vous pouvez avoir\u00a0<a class=\"external-link\" href=\"http:\/\/www.exemple.com\/123-nom-de-la-cat%C3%A9gorie\" rel=\"nofollow\">http:\/\/www.exemple.com\/123-nom-de-la-cat\u00e9gorie<\/a>. Dans ce cas, vous devez simplement indiquer dans le champ \u00ab\u00a0URL simplifi\u00e9e\u00a0\u00bb les mots (s\u00e9par\u00e9s par des tirets) que vous voudriez voir appara\u00eetre au lieu du \u00ab\u00a0nom-de-la-cat\u00e9gorie\u00a0\u00bb.<\/li><li><p><strong>Acc\u00e8s des groupes<\/strong>. Restreint l&rsquo;acc\u00e8s \u00e0 la cat\u00e9gorie et \u00e0 ses produits pour certains acheteurs. Pour y acc\u00e9der, ces acheteurs doivent appartenir \u00e0 un groupe d&rsquo;utilisateurs. Consultez les fonctions de groupes dans l&rsquo;onglet \u00ab\u00a0Groupes\u00a0\u00bb des param\u00e8tres clients (\u00ab\u00a0Param\u00e8tres de la boutique &gt; Clients\u00a0\u00bb) pour plus d&rsquo;informations.<br \/><br \/><\/p><div class=\"confluence-information-macro confluence-information-macro-information\"><div class=\"confluence-information-macro-body\"><p>La cat\u00e9gorie d&rsquo;accueil est particuli\u00e8rement utile en mode multiboutique. Imaginez que vous avez trois boutiques avec des produits et cat\u00e9gories totalement ou partiellement diff\u00e9rentes : vous pourriez souhaiter avoir une cat\u00e9gorie d&rsquo;accueil diff\u00e9rente pour chaque boutique.<\/p><p>La cat\u00e9gorie d&rsquo;accueil repr\u00e9sente donc la cat\u00e9gorie \u00ab\u00a0Accueil\u00a0\u00bb de chaque boutique. Si vous ne souhaitez pas avoir les m\u00eames produits dans la cat\u00e9gorie \u00ab\u00a0page d&rsquo;accueil\u00a0\u00bb de chaque boutique, vous allez avoir besoin de diff\u00e9rentes cat\u00e9gories d&rsquo;accueil. Il sera ainsi plus facile d&rsquo;assigner des cat\u00e9gories \u00e0 chaque boutique et vous pourrez avoir des produits diff\u00e9rents dans la cat\u00e9gorie d&rsquo;accueil.<\/p><\/div><\/div><\/li><\/ul><p>Une fois que vous avez termin\u00e9 de configurer votre cat\u00e9gorie, enregistrez-la et commencez \u00e0 y placer des produits.<\/p><p>\u00a0<\/p><div class=\"confluence-information-macro confluence-information-macro-note\"><div class=\"confluence-information-macro-body\"><p>Une nouvelle cat\u00e9gorie n&rsquo;appara\u00eet pas automatiquement dans le menu de votre boutique. Pour\u00a0<strong>ajouter une cat\u00e9gorie \u00e0 votre menu<\/strong>, vous devez param\u00e9trer le module \u00ab\u00a0Menu principal\u00a0\u00bb (si vous utilisez le th\u00e8me par d\u00e9faut), ou tout autre module que vous avez pour g\u00e9rer votre menu.<\/p><\/div><\/div><h3 id=\"Gererlescategories-Parcouriretmodifierlescat\u00e9gories\">Parcourir et modifier les cat\u00e9gories<\/h3><p class=\"diff-block-target diff-block-context\">Le bouton \u00ab\u00a0Modifier\u00a0\u00bb vous permet de modifier la cat\u00e9gorie parente de la sous-cat\u00e9gorie actuellement affich\u00e9e. Cela signifie que lorsque vous affichez les sous-cat\u00e9gories principales, un clic sur le bouton \u00ab\u00a0Modifier\u00a0\u00bb vous permettra de modifier la cat\u00e9gorie \u00ab\u00a0Accueil\u00a0\u00bb.<\/p><p class=\"diff-block-target diff-block-context\">Vous pouvez cliquer sur n&rsquo;importe quelle cat\u00e9gorie de la liste : cela ouvrira la cat\u00e9gorie, et affichera toutes ses sous-cat\u00e9gories. Dans les faits, cela changera le contexte de l&rsquo;interface : un clic sur le bouton \u00ab\u00a0Modifier\u00a0\u00bb vous fera modifier la cat\u00e9gorie parente, et un clic sur le bouton \u00ab\u00a0Ajouter\u00a0\u00bb ouvrira le formulaire de cr\u00e9ation avec l&rsquo;option \u00ab\u00a0Cat\u00e9gorie parente\u00a0\u00bb r\u00e9gl\u00e9e sur la cat\u00e9gorie parente en cours.<\/p><h3 id=\"Gererlescategories-Importeretexporterdescat\u00e9gories\" class=\"diff-block-target diff-block-context\">Importer et exporter des cat\u00e9gories<\/h3><p class=\"diff-block-target diff-block-context\">Outre les boutons \u00ab\u00a0Ajouter\u00a0\u00bb et \u00ab\u00a0Modifier\u00a0\u00bb, la liste des cat\u00e9gories pr\u00e9sente \u00e9galement deux boutons :<\/p><ul class=\"diff-block-target diff-block-context\"><li><strong>Exporter.<\/strong>\u00a0Vous permet de t\u00e9l\u00e9charger la liste des cat\u00e9gories au format CSV.<\/li><li><p><strong>Importer.<\/strong>\u00a0Ouvre la page \u00ab\u00a0Param\u00e8tres avanc\u00e9s &gt; Import\u00a0\u00bb avec le format attendu r\u00e9gl\u00e9 sur \u00ab\u00a0Cat\u00e9gories\u00a0\u00bb. Lisez le chapitre \u00ab\u00a0Comprendre les param\u00e8tres avanc\u00e9s\u00a0\u00bb pour en apprendre plus sur l&rsquo;import de fichier. Vous aurez besoin d&rsquo;un fichier CSV au format suivant :<\/p><div class=\"code panel pdl\"><div class=\"codeContent panelContent pdl\"><div><div id=\"highlighter_965632\" class=\"syntaxhighlighter sh-confluence nogutter  php\"><table border=\"0\" cellspacing=\"0\" cellpadding=\"0\"><tbody><tr><td class=\"code\"><div class=\"container\" title=\"Hint: double-click to select code\"><div class=\"line number1 index0 alt2\"><code class=\"php plain\">ID;Name;Description;Position;Displayed;<\/code><\/div><div class=\"line number2 index1 alt1\"><code class=\"php plain\">3;iPods;Now that you can buy movies from the iTunes Store\u00a0<\/code><code class=\"php keyword\">and<\/code>\u00a0<code class=\"php plain\">sync them to your iPod, the whole world is your theater.;1;1;<\/code><\/div><div class=\"line number3 index2 alt2\"><code class=\"php plain\">4;Accessories;Wonderful accessories\u00a0<\/code><code class=\"php keyword\">for<\/code>\u00a0<code class=\"php plain\">your iPod;2;1;<\/code><\/div><div class=\"line number4 index3 alt1\"><code class=\"php plain\">5;Laptops;The latest Intel processor, a bigger hard drive, plenty of memory,\u00a0<\/code><code class=\"php keyword\">and<\/code>\u00a0<code class=\"php plain\">even more\u00a0<\/code><code class=\"php keyword\">new<\/code>\u00a0<code class=\"php plain\">features all fit inside just one liberating inch. The\u00a0<\/code><code class=\"php keyword\">new<\/code>\u00a0<code class=\"php plain\">Mac laptops have the performance, power,\u00a0<\/code><code class=\"php keyword\">and<\/code>\u00a0<code class=\"php plain\">connectivity of a desktop computer. Without the desk part.;3;1;<\/code><\/div><\/div><\/td><\/tr><\/tbody><\/table><\/div><\/div><\/div><\/div><\/li><\/ul><p>Notez que l&rsquo;identifiant de la cat\u00e9gorie est son ID, pas son nom. Vous trouverez plus de possibilit\u00e9s dans la page \u00ab\u00a0Import\u00a0\u00bb du menu \u00ab\u00a0Param\u00e8tres avanc\u00e9s\u00a0\u00bb.<\/p><h3 id=\"Gererlescategories-Ajouterdesproduits\u00e0unecat\u00e9gorie\">Ajouter des produits \u00e0 une cat\u00e9gorie<\/h3><p>Pour ajouter des produits \u00e0 une cat\u00e9gorie, vous devez ouvrir la page de configuration du produit et vous rendre dans la section \u00ab\u00a0Cat\u00e9gories\u00a0\u00bb de l&rsquo;onglet \u00ab\u00a0Essentiel\u00a0\u00bb. C&rsquo;est ici que vous \u00e9tablirez les cat\u00e9gories auxquelles le produit appartient.<\/p><p>\u00a0<\/p><div class=\"confluence-information-macro confluence-information-macro-information\"><p class=\"title\">Position des produits<\/p><div class=\"confluence-information-macro-body\"><p>La cat\u00e9gorie \u00ab\u00a0Accueil\u00a0\u00bb est une cat\u00e9gorie sp\u00e9ciale, o\u00f9 vous pouvez mettre en avant et promouvoir des produits de n&rsquo;importe quelles autres cat\u00e9gories en les faisant appara\u00eetre dans le bloc \u00ab\u00a0Produits phares\u00a0\u00bb. Par d\u00e9faut, vous ne pouvez afficher que 8 produits sur la page d&rsquo;accueil.<\/p><p>Le bloc \u00ab\u00a0Produits phares\u00a0\u00bb d\u00e9pend du module \u00ab\u00a0Produits phares\u00a0\u00bb. Si vous voulez afficher plus (ou moins) de produits sur la page d&rsquo;accueil, changez la configuration de ce module (depuis la page \u00ab\u00a0Module Manager\u00a0\u00bb du menu \u00ab\u00a0Modules\u00a0\u00bb).<\/p><p>\u00c0 noter : vous ne devez pas enlever un produit de sa cat\u00e9gorie originelle afin de l&rsquo;afficher sur la page d&rsquo;accueil. Un produit peut avoir autant de cat\u00e9gories que n\u00e9cessaire.<\/p><\/div><\/div><\/div>\n\t\t\t\t<\/div>\n\t\t\t\t<\/div>\n\t\t\t\t\t\t<\/div>\n\t\t\t\t\t<\/div>\n\t\t<\/div>\n\t\t\t\t\t\t\t\t<\/div>\n\t\t\t\t\t<\/div>\n\t\t<\/section>\n\t\t\t\t\t\t<\/div>\n\t\t\t\t\t\t<\/div>\n\t\t\t\t\t<\/div>\n\t\t","protected":false},"excerpt":{"rendered":"<p>G\u00e9rer les cat\u00e9gories Il est essentiel de disposer de cat\u00e9gories car elles permettent de regrouper les produits \u00e9quivalents. Ainsi vos clients peuvent facilement s&rsquo;y retrouver et limiter leur recherche quand ils cherchent un type particulier de produit. On vous conseille de cr\u00e9er une cat\u00e9gorie \u00e0 partir du moment o\u00f9 vous avez au moins deux produits [&hellip;]<\/p>\n","protected":false},"author":1,"featured_media":0,"parent":15,"menu_order":0,"comment_status":"closed","ping_status":"closed","template":"","meta":[],"yoast_head":"<!-- This site is optimized with the Yoast SEO plugin v15.3 - https:\/\/yoast.com\/wordpress\/plugins\/seo\/ -->\n<title>G\u00e9rer les cat\u00e9gories - Web MCP<\/title>\n<meta name=\"robots\" content=\"index, follow, max-snippet:-1, max-image-preview:large, max-video-preview:-1\" \/>\n<link rel=\"canonical\" href=\"https:\/\/webmcp.com\/index.php\/documentation\/gerer-le-catalogue-des-produits\/gerer-les-categories\/\" \/>\n<meta property=\"og:locale\" content=\"fr_FR\" \/>\n<meta property=\"og:type\" content=\"article\" \/>\n<meta property=\"og:title\" content=\"G\u00e9rer les cat\u00e9gories - Web MCP\" \/>\n<meta property=\"og:description\" content=\"G\u00e9rer les cat\u00e9gories Il est essentiel de disposer de cat\u00e9gories car elles permettent de regrouper les produits \u00e9quivalents. Ainsi vos clients peuvent facilement s&rsquo;y retrouver et limiter leur recherche quand ils cherchent un type particulier de produit. On vous conseille de cr\u00e9er une cat\u00e9gorie \u00e0 partir du moment o\u00f9 vous avez au moins deux produits [&hellip;]\" \/>\n<meta property=\"og:url\" content=\"https:\/\/webmcp.com\/index.php\/documentation\/gerer-le-catalogue-des-produits\/gerer-les-categories\/\" \/>\n<meta property=\"og:site_name\" content=\"Web MCP\" \/>\n<meta property=\"article:modified_time\" content=\"2020-11-17T15:06:20+00:00\" \/>\n<meta property=\"og:image\" content=\"http:\/\/doc.prestashop.com\/download\/attachments\/51840157\/Capture%20d%E2%80%99e%CC%81cran%202019-07-24%20a%CC%80%2016.32.34.png?version=1&#038;modificationDate=1563978764000&#038;api=v2\" \/>\n<meta name=\"twitter:card\" content=\"summary_large_image\" \/>\n<meta name=\"twitter:label1\" content=\"\u00c9crit par\">\n\t<meta name=\"twitter:data1\" content=\"admin\">\n\t<meta name=\"twitter:label2\" content=\"Dur\u00e9e de lecture est.\">\n\t<meta name=\"twitter:data2\" content=\"6 minutes\">\n<script type=\"application\/ld+json\" class=\"yoast-schema-graph\">{\"@context\":\"https:\/\/schema.org\",\"@graph\":[{\"@type\":\"WebSite\",\"@id\":\"https:\/\/webmcp.com\/#website\",\"url\":\"https:\/\/webmcp.com\/\",\"name\":\"Web MCP\",\"description\":\"Guide utilisateur\",\"potentialAction\":[{\"@type\":\"SearchAction\",\"target\":\"https:\/\/webmcp.com\/?s={search_term_string}\",\"query-input\":\"required name=search_term_string\"}],\"inLanguage\":\"fr-FR\"},{\"@type\":\"ImageObject\",\"@id\":\"https:\/\/webmcp.com\/index.php\/documentation\/gerer-le-catalogue-des-produits\/gerer-les-categories\/#primaryimage\",\"inLanguage\":\"fr-FR\",\"url\":\"http:\/\/doc.prestashop.com\/download\/attachments\/51840157\/Capture%20d%E2%80%99e%CC%81cran%202019-07-24%20a%CC%80%2016.32.34.png?version=1&amp;modificationDate=1563978764000&amp;api=v2\"},{\"@type\":\"WebPage\",\"@id\":\"https:\/\/webmcp.com\/index.php\/documentation\/gerer-le-catalogue-des-produits\/gerer-les-categories\/#webpage\",\"url\":\"https:\/\/webmcp.com\/index.php\/documentation\/gerer-le-catalogue-des-produits\/gerer-les-categories\/\",\"name\":\"G\\u00e9rer les cat\\u00e9gories - Web MCP\",\"isPartOf\":{\"@id\":\"https:\/\/webmcp.com\/#website\"},\"primaryImageOfPage\":{\"@id\":\"https:\/\/webmcp.com\/index.php\/documentation\/gerer-le-catalogue-des-produits\/gerer-les-categories\/#primaryimage\"},\"datePublished\":\"2020-11-17T13:23:56+00:00\",\"dateModified\":\"2020-11-17T15:06:20+00:00\",\"inLanguage\":\"fr-FR\",\"potentialAction\":[{\"@type\":\"ReadAction\",\"target\":[\"https:\/\/webmcp.com\/index.php\/documentation\/gerer-le-catalogue-des-produits\/gerer-les-categories\/\"]}]}]}<\/script>\n<!-- \/ Yoast SEO plugin. -->","_links":{"self":[{"href":"https:\/\/webmcp.com\/index.php\/wp-json\/wp\/v2\/pages\/27"}],"collection":[{"href":"https:\/\/webmcp.com\/index.php\/wp-json\/wp\/v2\/pages"}],"about":[{"href":"https:\/\/webmcp.com\/index.php\/wp-json\/wp\/v2\/types\/page"}],"author":[{"embeddable":true,"href":"https:\/\/webmcp.com\/index.php\/wp-json\/wp\/v2\/users\/1"}],"replies":[{"embeddable":true,"href":"https:\/\/webmcp.com\/index.php\/wp-json\/wp\/v2\/comments?post=27"}],"version-history":[{"count":8,"href":"https:\/\/webmcp.com\/index.php\/wp-json\/wp\/v2\/pages\/27\/revisions"}],"predecessor-version":[{"id":74,"href":"https:\/\/webmcp.com\/index.php\/wp-json\/wp\/v2\/pages\/27\/revisions\/74"}],"up":[{"embeddable":true,"href":"https:\/\/webmcp.com\/index.php\/wp-json\/wp\/v2\/pages\/15"}],"wp:attachment":[{"href":"https:\/\/webmcp.com\/index.php\/wp-json\/wp\/v2\/media?parent=27"}],"curies":[{"name":"wp","href":"https:\/\/api.w.org\/{rel}","templated":true}]}}