{"id":50,"date":"2020-11-17T14:50:02","date_gmt":"2020-11-17T14:50:02","guid":{"rendered":"https:\/\/webmcp.com\/?page_id=50"},"modified":"2020-11-17T15:37:21","modified_gmt":"2020-11-17T15:37:21","slug":"creer-un-produit-avec-des-declinaisons","status":"publish","type":"page","link":"https:\/\/webmcp.com\/index.php\/documentation\/gerer-le-catalogue-des-produits\/creer-un-produit-avec-des-declinaisons\/","title":{"rendered":"Cr\u00e9er un produit avec des d\u00e9clinaisons"},"content":{"rendered":"\t\t<div data-elementor-type=\"wp-page\" data-elementor-id=\"50\" class=\"elementor elementor-50\" data-elementor-settings=\"[]\">\n\t\t\t\t\t\t<div class=\"elementor-inner\">\n\t\t\t\t\t\t\t<div class=\"elementor-section-wrap\">\n\t\t\t\t\t\t\t<section class=\"elementor-section elementor-top-section elementor-element elementor-element-fffdd14 elementor-section-boxed elementor-section-height-default elementor-section-height-default\" data-id=\"fffdd14\" data-element_type=\"section\">\n\t\t\t\t\t\t<div class=\"elementor-container elementor-column-gap-default\">\n\t\t\t\t\t\t\t<div class=\"elementor-row\">\n\t\t\t\t\t<div class=\"elementor-column elementor-col-100 elementor-top-column elementor-element elementor-element-4661083\" data-id=\"4661083\" data-element_type=\"column\">\n\t\t\t<div class=\"elementor-column-wrap elementor-element-populated\">\n\t\t\t\t\t\t\t<div class=\"elementor-widget-wrap\">\n\t\t\t\t\t\t<div class=\"elementor-element elementor-element-399bbf0 elementor-widget elementor-widget-text-editor\" data-id=\"399bbf0\" data-element_type=\"widget\" data-widget_type=\"text-editor.default\">\n\t\t\t\t<div class=\"elementor-widget-container\">\n\t\t\t\t\t<div class=\"elementor-text-editor elementor-clearfix\"><h1 id=\"Gererlesproduits-Cr\u00e9ationd'unproduitavecdesd\u00e9clinaisons\">Cr\u00e9ation d&rsquo;un produit avec des d\u00e9clinaisons<\/h1><p>Pour activer les d\u00e9clinaisons produit, commencez par s\u00e9lectionner l&rsquo;option \u00ab\u00a0Produit avec d\u00e9clinaisons\u00a0\u00bb dans l&rsquo;onglet \u00ab\u00a0Essentiel\u00a0\u00bb. L&rsquo;onglet \u00ab\u00a0Quantit\u00e9s\u00a0\u00bb deviendra \u00ab\u00a0D\u00e9clinaisons\u00a0\u00bb, il vous permettra de g\u00e9rer vos combinaisons de produit.\u00a0<\/p><div class=\"confluence-information-macro confluence-information-macro-tip\"><div class=\"confluence-information-macro-body\"><p>Il n&rsquo;est pas possible de cr\u00e9er des d\u00e9clinaisons si aucun de vos attributs n&rsquo;est correctement d\u00e9fini dans PrestaShop.<\/p><p>Nous vous d\u00e9conseillons de cr\u00e9er des d\u00e9clinaisons pour les fonctionnalit\u00e9s non disponibles pour vos clients.<\/p><p>La cr\u00e9ation d&rsquo;attributs s&rsquo;effectue dans la page \u00ab\u00a0Attributs produit\u00a0\u00bb du menu \u00ab\u00a0Catalogue\u00a0\u00bb. Elle s&rsquo;explique en d\u00e9tail dans le chapitre du m\u00eame nom de ce guide.<\/p><\/div><\/div><p>Le choix du mode d&rsquo;association des attributs de votre produit vous appartient. PrestaShop\u00a0vous propose deux m\u00e9thodes pour y parvenir.\u00a0<\/p><h2 id=\"Gererlesproduits-Ajoutded\u00e9clinaisons\">Ajout de d\u00e9clinaisons<\/h2><h3 id=\"Gererlesproduits-M\u00e9thodemanuelle\">M\u00e9thode manuelle<\/h3><p>Cette m\u00e9thode vous permet de cr\u00e9er des associations l&rsquo;une apr\u00e8s l&rsquo;autre. Par cons\u00e9quent,elle est r\u00e9serv\u00e9e aux produits ayant peu de d\u00e9clinaisons ou aux produits ayant des d\u00e9clinaisons sp\u00e9cifiques qui ne peuvent pas \u00eatre cr\u00e9\u00e9s \u00e0 l&rsquo;aide de la m\u00e9thode automatique (voir section suivante).<\/p><p>L&rsquo;ajout d&rsquo;une variation \u00e0 votre produit ne requiert que quelques \u00e9tapes.<\/p><ol><li>Dans la barre des associations, saisissez l&rsquo;association d&rsquo;attributs \u00e0 cr\u00e9er, ainsi que leurs valeurs correspondantes.<\/li><\/ol><p>Par exemple, si vous souhaitez cr\u00e9er une d\u00e9clinaison pour un t-shirt, une taille M et une couleur rouge, saisissez \u00ab\u00a0taille M couleur rouge\u00a0\u00bb. En effectuant votre saisie, vous verrez des suggestions appara\u00eetre en dessous de la barre de saisie, s\u00e9lectionnez les attributs et les valeurs dont vous avez besoin.<\/p><p>Vous pouvez ajouter autant de paires attribut-valeur que n\u00e9cessaire \u00e0 une combinaison.<\/p><p>Vous pouvez uniquement ajouter une paire par attribut \u00e0 une combinaison : il est possible d&rsquo;avoir \u00a0\u00e0 la fois \u00ab\u00a0Couleur : bleu\u00a0\u00bb et \u00ab\u00a0Couleur : rouge\u00a0\u00bb dans vos pairs si n\u00e9cessaire. Vous devrez cr\u00e9er de nouveaux attributs, par exemple \u00ab\u00a0Couleur primaire\u00a0\u00bb et \u00ab\u00a0Couleur secondaire\u00a0\u00bb.<\/p><p>Vous pouvez supprimer une paire attribut-valeur en cochant la case correspondante.<\/p><p>2. Une fois que vous avez tous les attributs requis, cliquez sur \u00ab\u00a0G\u00e9n\u00e9rer\u00a0\u00bb sur la droite.<\/p><p>3. La d\u00e9clinaison appara\u00eetra dans un tableau en dessous.<\/p><p><span class=\"confluence-embedded-file-wrapper image-center-wrapper confluence-embedded-manual-size\"><img class=\"confluence-embedded-image confluence-content-image-border image-center\" src=\"http:\/\/doc.prestashop.com\/download\/attachments\/51839058\/produit023-de%CC%81clinaisons.gif?version=1&amp;modificationDate=1482856260000&amp;api=v2\" width=\"600\" data-image-src=\"\/download\/attachments\/51839058\/produit023-de%CC%81clinaisons.gif?version=1&amp;modificationDate=1482856260000&amp;api=v2\" data-unresolved-comment-count=\"0\" data-linked-resource-id=\"52298201\" data-linked-resource-version=\"1\" data-linked-resource-type=\"attachment\" data-linked-resource-default-alias=\"produit023-de\u0301clinaisons.gif\" data-base-url=\"http:\/\/doc.prestashop.com\" data-linked-resource-content-type=\"image\/gif\" data-linked-resource-container-id=\"51839058\" data-linked-resource-container-version=\"84\" \/><\/span><\/p><h3 id=\"Gererlesproduits-M\u00e9thodeautomatique\">M\u00e9thode automatique<\/h3><p>Si vous avez trop de versions de produits diff\u00e9rents, vous pouvez utiliser le g\u00e9n\u00e9rateur de d\u00e9clinaisons de produits. Cet outil permet de g\u00e9n\u00e9rer automatiquement toutes les d\u00e9clinaisons et les \u00e9ventualit\u00e9s.<\/p><p>Plut\u00f4t que de saisir chaque association souhait\u00e9e, vous pouvez utiliser le s\u00e9lecteur situ\u00e9 \u00e0 droite de la page. Il r\u00e9pertorie tous les attributs et leurs valeurs correspondantes.<\/p><p>Voici ce que vous devriez faire :<\/p><ol><li>Pour chaque attribut, cochez les valeurs que vous souhaitez ajouter en tant qu&rsquo;associations. Pour gagner du temps, vous pouvez s\u00e9lectionner plusieurs valeurs pour chaque attribut.<\/li><li>Les d\u00e9clinaisons correspondantes seront automatiquement affich\u00e9es dans la barre de gauche.<\/li><li>Lorsque vous \u00eates satisfait de votre s\u00e9lection, cliquez sur \u00ab\u00a0G\u00e9n\u00e9rer\u00a0\u00bb: Votre d\u00e9clinaison sera autamatiquement cr\u00e9\u00e9e avec\u00a0<strong>toutes les d\u00e9clinaisons possibles<\/strong>.<\/li><\/ol><p>Si vous n&rsquo;avez qu&rsquo;une d\u00e9clinaison, vous pouvez modifier sa quantit\u00e9 directement dans le tableau, modifiez-la (en cliquant sur l&rsquo;ic\u00f4ne de crayon \u00e0 papier) ou supprimez-la (\u00e0 l&rsquo;aide de l&rsquo;ic\u00f4ne de poubelle).<\/p><h2 id=\"Gererlesproduits-Gestiondesd\u00e9clinaisons\">Gestion des d\u00e9clinaisons<\/h2><h3 id=\"Gererlesproduits-D\u00e9clinaisonpard\u00e9faut\">D\u00e9clinaison par d\u00e9faut<\/h3><p>Lorsque plusieurs d\u00e9clinaisons sont disponibles, choisissez une d\u00e9clinaison par d\u00e9faut, il s&rsquo;agit de la d\u00e9clinaison que verront vos clients en arrivant sur la fiche produit. S&rsquo;ils souhaitent acheter une autre d\u00e9clinaison, ils devront la s\u00e9lectionner eux-m\u00eames (en modifiant la couleur, la taille ou tout autre attribut).<\/p><h3 id=\"Gererlesproduits-Modificationd'uned\u00e9clinaison\">Modification d&rsquo;une d\u00e9clinaison<\/h3><p>Vous pouvez g\u00e9rer chaque d\u00e9clinaison de mani\u00e8re plus d\u00e9taill\u00e9e en cliquant sur l&rsquo;ic\u00f4ne de modification. Cela ouvrir une petite fen\u00eatre qui vous permettra de modifier les informations relatives \u00e0 cette d\u00e9clinaison.<\/p><ul><li>D\u00e9tails de la d\u00e9clinaison<ul><li><strong>D\u00e9finir une d\u00e9clinaison par d\u00e9faut<\/strong>. Cochez cette case pour faire de la d\u00e9clinaison que vous cr\u00e9ez la d\u00e9clinaison de produit \u00a0principale.<\/li><li><strong>Quantit\u00e9<\/strong>. Entrez la quantit\u00e9 disponible pour cette d\u00e9clinaison<\/li><li><strong>Date de disponibilit\u00e9<\/strong>. Si la d\u00e9clinaison est en rupture de stock, vous pouvez indiquer \u00e0 quelle moment elle sera \u00e0 nouveau disponible.<\/li><li><strong>Quantit\u00e9 minimale<\/strong>. Vous pr\u00e9f\u00e9rez peut-\u00eatre que cette d\u00e9clinaison soit vendue uniquement par lots. Utilisez ce champ pour d\u00e9finir le nombre d&rsquo;\u00e9l\u00e9ments minimal.<\/li><li><strong>R\u00e9f\u00e9rence et r\u00e9f\u00e9rences sp\u00e9cifiques (ISBN, EAN-13 et UPC)<\/strong>. Si n\u00e9cessaire, indiquez la r\u00e9f\u00e9rence de la d\u00e9clinaison et les codes-barres EAN-13 et\/ou UPC dans chaque champ, comme si vous \u00e9tiez en train de cr\u00e9er un tout nouveau produit dans PrestaShop. Ces chiffres peuvent \u00eatre utilis\u00e9s par votre entrep\u00f4t ou votre op\u00e9rateur : assurez-vous de remplir ces champs, ils sont souvent essentiels pour votre entreprise.<\/li><\/ul><\/li><li>Prix et impact<ul><li><strong>Prix d&rsquo;achat<\/strong>. Ce champ est utile si le prix initial du produit change simplement parce qu&rsquo;il s&rsquo;agit d&rsquo;une d\u00e9clinaison.<\/li><li><strong>Impact sur le prix\/poids\/prix unitaire<\/strong>. Si la d\u00e9clinaison est cens\u00e9e avoir un impact sur le prix du produit, son poids ou son prix \u00e0 l&rsquo;unit\u00e9, renseignez la valeur de cet impact \u00a0(p. ex. \u00ab\u00a0-2\u00a0\u00bb si le prix doit \u00eatre diminu\u00e9 de 2) dans le champ.<\/li><\/ul><\/li><li><strong>Image<\/strong>. Les images qui sont li\u00e9es au produit d&rsquo;origine (telles que mises en ligne \u00e0 l&rsquo;aide du formulaire de l&rsquo;onglet \u00ab\u00a0Images\u00a0\u00bb sur la gauche) sont pr\u00e9sent\u00e9es. Cochez la case correspondant aux images qui repr\u00e9sentent le mieux cette combinaison.<\/li><\/ul><p>Une fois que aurez termin\u00e9 de modifier une d\u00e9clinaison, vous pouvez soit :<\/p><ul><li>revenir \u00e0 la combinaison pr\u00e9c\u00e9dente ou \u00e0 passer \u00e0 la suivante en cliquant\u00a0sur \u00ab\u00a0Pr\u00e9c. d\u00e9clinaison\u00a0\u00bb ou \u00ab\u00a0D\u00e9clinaison suivante\u00a0\u00bb<\/li><li>revenir au produit en cliquant \u00ab\u00a0Retour au produit\u00a0\u00bb en bas de page<\/li><\/ul><h3 id=\"Gererlesproduits-Actionsgroup\u00e9es\">Actions group\u00e9es<\/h3><p>Vous pouvez modifier les d\u00e9tails pour une ou plusieurs combinaisons \u00e0 la fois.<\/p><ol><li>S\u00e9lectionnez les combinaisons que vous souhaitez modifier. Pour tout s\u00e9lectionner,faites un clic droit sous S\u00e9lectionner.\u00a0<\/li><li>Cliquez sur \u00ab\u00a0Actions group\u00e9es\u00a0\u00bb au-dessus de la liste des d\u00e9clinaisons.<\/li><li>Modifiez les param\u00e8tres que vous souhaitez modifier. Ils seront modifi\u00e9s pour toutes les d\u00e9clinaisons s\u00e9lectionn\u00e9es.<\/li><li>Cliquez sur \u00ab\u00a0Appliquer\u00a0\u00bb pour modifier les associations.<\/li><\/ol><p>Si vous souhaitez supprimer toutes les d\u00e9clinaisons s\u00e9lectionn\u00e9es, cliquez sur \u00ab\u00a0Supprimer les d\u00e9clinaisons\u00a0\u00bb. \u00a0<\/p><p>Une fois tous les d\u00e9tails de d\u00e9clinaison d\u00e9finis, enregistrez les modifications de votre produit \u00e0 l&rsquo;aide du bouton \u00ab\u00a0Enregistrer et rester\u00a0\u00bb. Votre d\u00e9clinaison appara\u00eetra dans la liste des attributs en bas de l&rsquo;\u00e9cran.<\/p><\/div>\n\t\t\t\t<\/div>\n\t\t\t\t<\/div>\n\t\t\t\t\t\t<\/div>\n\t\t\t\t\t<\/div>\n\t\t<\/div>\n\t\t\t\t\t\t\t\t<\/div>\n\t\t\t\t\t<\/div>\n\t\t<\/section>\n\t\t\t\t\t\t<\/div>\n\t\t\t\t\t\t<\/div>\n\t\t\t\t\t<\/div>\n\t\t","protected":false},"excerpt":{"rendered":"<p>Cr\u00e9ation d&rsquo;un produit avec des d\u00e9clinaisons Pour activer les d\u00e9clinaisons produit, commencez par s\u00e9lectionner l&rsquo;option \u00ab\u00a0Produit avec d\u00e9clinaisons\u00a0\u00bb dans l&rsquo;onglet \u00ab\u00a0Essentiel\u00a0\u00bb. L&rsquo;onglet \u00ab\u00a0Quantit\u00e9s\u00a0\u00bb deviendra \u00ab\u00a0D\u00e9clinaisons\u00a0\u00bb, il vous permettra de g\u00e9rer vos combinaisons de produit. Il n&rsquo;est pas possible de cr\u00e9er des d\u00e9clinaisons si aucun de vos attributs n&rsquo;est correctement d\u00e9fini dans PrestaShop. Nous vous d\u00e9conseillons [&hellip;]<\/p>\n","protected":false},"author":1,"featured_media":0,"parent":15,"menu_order":0,"comment_status":"closed","ping_status":"closed","template":"","meta":[],"yoast_head":"<!-- This site is optimized with the Yoast SEO plugin v15.3 - https:\/\/yoast.com\/wordpress\/plugins\/seo\/ -->\n<title>Cr\u00e9er un produit avec des d\u00e9clinaisons - Web MCP<\/title>\n<meta name=\"robots\" content=\"index, follow, max-snippet:-1, max-image-preview:large, max-video-preview:-1\" \/>\n<link rel=\"canonical\" href=\"https:\/\/webmcp.com\/index.php\/documentation\/gerer-le-catalogue-des-produits\/creer-un-produit-avec-des-declinaisons\/\" \/>\n<meta property=\"og:locale\" content=\"fr_FR\" \/>\n<meta property=\"og:type\" content=\"article\" \/>\n<meta property=\"og:title\" content=\"Cr\u00e9er un produit avec des d\u00e9clinaisons - Web MCP\" \/>\n<meta property=\"og:description\" content=\"Cr\u00e9ation d&rsquo;un produit avec des d\u00e9clinaisons Pour activer les d\u00e9clinaisons produit, commencez par s\u00e9lectionner l&rsquo;option \u00ab\u00a0Produit avec d\u00e9clinaisons\u00a0\u00bb dans l&rsquo;onglet \u00ab\u00a0Essentiel\u00a0\u00bb. L&rsquo;onglet \u00ab\u00a0Quantit\u00e9s\u00a0\u00bb deviendra \u00ab\u00a0D\u00e9clinaisons\u00a0\u00bb, il vous permettra de g\u00e9rer vos combinaisons de produit. Il n&rsquo;est pas possible de cr\u00e9er des d\u00e9clinaisons si aucun de vos attributs n&rsquo;est correctement d\u00e9fini dans PrestaShop. Nous vous d\u00e9conseillons [&hellip;]\" \/>\n<meta property=\"og:url\" content=\"https:\/\/webmcp.com\/index.php\/documentation\/gerer-le-catalogue-des-produits\/creer-un-produit-avec-des-declinaisons\/\" \/>\n<meta property=\"og:site_name\" content=\"Web MCP\" \/>\n<meta property=\"article:modified_time\" content=\"2020-11-17T15:37:21+00:00\" \/>\n<meta property=\"og:image\" content=\"http:\/\/doc.prestashop.com\/download\/attachments\/51839058\/produit023-de%CC%81clinaisons.gif?version=1&#038;modificationDate=1482856260000&#038;api=v2\" \/>\n<meta name=\"twitter:card\" content=\"summary_large_image\" \/>\n<meta name=\"twitter:label1\" content=\"\u00c9crit par\">\n\t<meta name=\"twitter:data1\" content=\"admin\">\n\t<meta name=\"twitter:label2\" content=\"Dur\u00e9e de lecture est.\">\n\t<meta name=\"twitter:data2\" content=\"4 minutes\">\n<script type=\"application\/ld+json\" class=\"yoast-schema-graph\">{\"@context\":\"https:\/\/schema.org\",\"@graph\":[{\"@type\":\"WebSite\",\"@id\":\"https:\/\/webmcp.com\/#website\",\"url\":\"https:\/\/webmcp.com\/\",\"name\":\"Web MCP\",\"description\":\"Guide utilisateur\",\"potentialAction\":[{\"@type\":\"SearchAction\",\"target\":\"https:\/\/webmcp.com\/?s={search_term_string}\",\"query-input\":\"required name=search_term_string\"}],\"inLanguage\":\"fr-FR\"},{\"@type\":\"ImageObject\",\"@id\":\"https:\/\/webmcp.com\/index.php\/documentation\/gerer-le-catalogue-des-produits\/creer-un-produit-avec-des-declinaisons\/#primaryimage\",\"inLanguage\":\"fr-FR\",\"url\":\"http:\/\/doc.prestashop.com\/download\/attachments\/51839058\/produit023-de%CC%81clinaisons.gif?version=1&amp;modificationDate=1482856260000&amp;api=v2\"},{\"@type\":\"WebPage\",\"@id\":\"https:\/\/webmcp.com\/index.php\/documentation\/gerer-le-catalogue-des-produits\/creer-un-produit-avec-des-declinaisons\/#webpage\",\"url\":\"https:\/\/webmcp.com\/index.php\/documentation\/gerer-le-catalogue-des-produits\/creer-un-produit-avec-des-declinaisons\/\",\"name\":\"Cr\\u00e9er un produit avec des d\\u00e9clinaisons - Web MCP\",\"isPartOf\":{\"@id\":\"https:\/\/webmcp.com\/#website\"},\"primaryImageOfPage\":{\"@id\":\"https:\/\/webmcp.com\/index.php\/documentation\/gerer-le-catalogue-des-produits\/creer-un-produit-avec-des-declinaisons\/#primaryimage\"},\"datePublished\":\"2020-11-17T14:50:02+00:00\",\"dateModified\":\"2020-11-17T15:37:21+00:00\",\"inLanguage\":\"fr-FR\",\"potentialAction\":[{\"@type\":\"ReadAction\",\"target\":[\"https:\/\/webmcp.com\/index.php\/documentation\/gerer-le-catalogue-des-produits\/creer-un-produit-avec-des-declinaisons\/\"]}]}]}<\/script>\n<!-- \/ Yoast SEO plugin. -->","_links":{"self":[{"href":"https:\/\/webmcp.com\/index.php\/wp-json\/wp\/v2\/pages\/50"}],"collection":[{"href":"https:\/\/webmcp.com\/index.php\/wp-json\/wp\/v2\/pages"}],"about":[{"href":"https:\/\/webmcp.com\/index.php\/wp-json\/wp\/v2\/types\/page"}],"author":[{"embeddable":true,"href":"https:\/\/webmcp.com\/index.php\/wp-json\/wp\/v2\/users\/1"}],"replies":[{"embeddable":true,"href":"https:\/\/webmcp.com\/index.php\/wp-json\/wp\/v2\/comments?post=50"}],"version-history":[{"count":4,"href":"https:\/\/webmcp.com\/index.php\/wp-json\/wp\/v2\/pages\/50\/revisions"}],"predecessor-version":[{"id":82,"href":"https:\/\/webmcp.com\/index.php\/wp-json\/wp\/v2\/pages\/50\/revisions\/82"}],"up":[{"embeddable":true,"href":"https:\/\/webmcp.com\/index.php\/wp-json\/wp\/v2\/pages\/15"}],"wp:attachment":[{"href":"https:\/\/webmcp.com\/index.php\/wp-json\/wp\/v2\/media?parent=50"}],"curies":[{"name":"wp","href":"https:\/\/api.w.org\/{rel}","templated":true}]}}